{"id":9,"date":"2015-10-22T16:45:14","date_gmt":"2015-10-22T14:45:14","guid":{"rendered":"http:\/\/raschmidl.de\/?page_id=9"},"modified":"2020-04-05T14:49:46","modified_gmt":"2020-04-05T12:49:46","slug":"home","status":"publish","type":"page","link":"https:\/\/raschmidl.de\/","title":{"rendered":"Ihr Ansprechpartner f\u00fcr Verkehrsrecht"},"content":{"rendered":"<p align=\"justify\"><span style=\"font-family: Times New Roman,serif;\"><span style=\"font-size: medium;\">Ich betreue als Rechtsanwalt f\u00fcr Verkehrsrecht mit mehr als 20 Jahren Berufserfahrung qualifiziert Mandanten in allen Bereichen rund um das Verkehrsrecht. Profitieren Sie von meiner langj\u00e4hrigen Erfahrung und meinen erworbenen Qualifikationen als Fachanwalt f\u00fcr Verkehrsrecht, Fachanwalt f\u00fcr Strafrecht und Fachanwalt f\u00fcr Verwaltungsrecht.\u00a0 <\/span><\/span><\/p>\n<p align=\"justify\"><span style=\"font-family: Times New Roman,serif;\"><span style=\"font-size: medium;\">Auf Deutschlands Stra\u00dfen sind heute mehr Kraftfahrzeuge unterwegs denn je. Mehr als zwei Millionen Verkehrsunf\u00e4lle j\u00e4hrlich sind die Folge. Zudem f\u00fchrt die steigende Verkehrs\u00fcberwachung vermehrt zu verkehrsrechtlichen Bu\u00dfgeld- und Strafverfahren. Auch die F\u00fchrerscheinbeh\u00f6rden greifen heutzutage schneller zu drastischeren Ma\u00dfnahmen, bis hin zur Entziehung der Fahrerlaubnis. All diese Probleme unterliegen dem st\u00e4ndigen Wandel der Gesetzgebung, der Rechtsprechung und der technischen Entwicklung. <\/span><\/span><\/p>\n<p align=\"justify\"><span style=\"font-family: Times New Roman,serif;\"><span style=\"font-size: medium;\">W\u00e4hrend das Verkehrsrecht vor einigen Jahren noch von Allgemeinanw\u00e4lten nebenher mitbearbeitet wurde, hat die komplexe Entwicklung der Materie Verkehrsrecht letztlich dazu gef\u00fchrt, dass eine Spezialisierung zur sachgerechten Bearbeitung der verkehrsrechtlichen Probleme notwendig wurde. Aus diesem Grunde wurde vom Gesetzgeber der Fachanwalt f\u00fcr Verkehrsrecht eingef\u00fchrt. <\/span><\/span><\/p>\n<p align=\"justify\"><a name=\"_GoBack\"><\/a><\/p>\n<p align=\"justify\"><span style=\"font-family: Times New Roman,serif;\"><span style=\"font-size: medium;\">Die Rechtsanwaltskammer verleiht Fachanwaltstitel nur im Rahmen einer strengen \u00dcberpr\u00fcfung der Eignung. Hierbei muss der Rechtsanwalt eine umfangreiche praktische Erfahrung nachweisen, sowie Fachpr\u00fcfungen f\u00fcr das theoretische Wissen erfolgreich ablegen. Die Zertifizierung als Fachanwalt stellt zudem sicher, dass der Rechtsanwalt auch regelm\u00e4\u00dfig an rechtsanwaltlichen Fortbildungen teilnimmt. <\/span><\/span><\/p>\n","protected":false},"excerpt":{"rendered":"<p>Ich betreue als Rechtsanwalt f\u00fcr Verkehrsrecht mit mehr als 20 Jahren Berufserfahrung qualifiziert Mandanten in allen Bereichen rund um das Verkehrsrecht. Profitieren Sie von meiner langj\u00e4hrigen Erfahrung und meinen erworbenen Qualifikationen als Fachanwalt f\u00fcr Verkehrsrecht, Fachanwalt f\u00fcr Strafrecht und Fachanwalt f\u00fcr Verwaltungsrecht.\u00a0 Auf Deutschlands Stra\u00dfen sind heute mehr Kraftfahrzeuge unterwegs denn je. Mehr als zwei &hellip; <a href=\"https:\/\/raschmidl.de\/\" class=\"more-link\"><span class=\"screen-reader-text\">Ihr Ansprechpartner f\u00fcr Verkehrsrecht<\/span> weiterlesen <span class=\"meta-nav\">&rarr;<\/span><\/a><\/p>\n","protected":false},"author":1,"featured_media":0,"parent":0,"menu_order":0,"comment_status":"closed","ping_status":"closed","template":"","meta":{"footnotes":""},"_links":{"self":[{"href":"https:\/\/raschmidl.de\/index.php\/wp-json\/wp\/v2\/pages\/9"}],"collection":[{"href":"https:\/\/raschmidl.de\/index.php\/wp-json\/wp\/v2\/pages"}],"about":[{"href":"https:\/\/raschmidl.de\/index.php\/wp-json\/wp\/v2\/types\/page"}],"author":[{"embeddable":true,"href":"https:\/\/raschmidl.de\/index.php\/wp-json\/wp\/v2\/users\/1"}],"replies":[{"embeddable":true,"href":"https:\/\/raschmidl.de\/index.php\/wp-json\/wp\/v2\/comments?post=9"}],"version-history":[{"count":5,"href":"https:\/\/raschmidl.de\/index.php\/wp-json\/wp\/v2\/pages\/9\/revisions"}],"predecessor-version":[{"id":154,"href":"https:\/\/raschmidl.de\/index.php\/wp-json\/wp\/v2\/pages\/9\/revisions\/154"}],"wp:attachment":[{"href":"https:\/\/raschmidl.de\/index.php\/wp-json\/wp\/v2\/media?parent=9"}],"curies":[{"name":"wp","href":"https:\/\/api.w.org\/{rel}","templated":true}]}}