{"id":20,"date":"2015-10-22T16:53:15","date_gmt":"2015-10-22T14:53:15","guid":{"rendered":"http:\/\/raschmidl.de\/?page_id=20"},"modified":"2020-04-05T14:04:58","modified_gmt":"2020-04-05T12:04:58","slug":"fuer-rechtsanwaelte","status":"publish","type":"page","link":"https:\/\/raschmidl.de\/index.php\/fuer-rechtsanwaelte\/","title":{"rendered":"F\u00fcr Rechtsanw\u00e4lte"},"content":{"rendered":"<p style=\"text-align: left;\" align=\"center\"><span style=\"font-family: Times New Roman,serif;\"><span style=\"font-size: medium;\"><b>Revisionsbegr\u00fcndung \/ Verfassungsbeschwerden<\/b><\/span><\/span><\/p>\n<p align=\"justify\"><span style=\"font-family: Times New Roman,serif;\"><span style=\"font-size: medium;\">Sowohl die strafrechtliche Revisionsbegr\u00fcndung, als auch die Abfassung von Verfassungsbeschwerden geh\u00f6rt meist nicht zur allt\u00e4glichen anwaltlichen Praxis. <\/span><\/span><\/p>\n<p align=\"justify\"><a name=\"_GoBack\"><\/a> <span style=\"font-family: Times New Roman,serif;\"><span style=\"font-size: medium;\">Gerade die hieran gestellten hohen formellen, aber auch die materiellen Anforderungen, lassen die eigene Fertigung in wirtschaftlicher Hinsicht oftmals nicht zu. <\/span><\/span><\/p>\n<p align=\"justify\"><span style=\"font-family: Times New Roman,serif;\"><span style=\"font-size: medium;\">Nachdem ich in den letzten 20 Jahren zahlreiche strafrechtliche Revisionsbegr\u00fcndungen und Verfassungsbeschwerden, auch f\u00fcr renommierte Kanzleien, gefertigt habe, vermag ich die Schriftsatzfertigung mittlerweile sehr effizient zu gestalten. Gerne unterst\u00fctze ich insoweit auch Ihre Kanzlei. <\/span><\/span><\/p>\n","protected":false},"excerpt":{"rendered":"<p>Revisionsbegr\u00fcndung \/ Verfassungsbeschwerden Sowohl die strafrechtliche Revisionsbegr\u00fcndung, als auch die Abfassung von Verfassungsbeschwerden geh\u00f6rt meist nicht zur allt\u00e4glichen anwaltlichen Praxis. Gerade die hieran gestellten hohen formellen, aber auch die materiellen Anforderungen, lassen die eigene Fertigung in wirtschaftlicher Hinsicht oftmals nicht zu. Nachdem ich in den letzten 20 Jahren zahlreiche strafrechtliche Revisionsbegr\u00fcndungen und Verfassungsbeschwerden, auch f\u00fcr &hellip; <a href=\"https:\/\/raschmidl.de\/index.php\/fuer-rechtsanwaelte\/\" class=\"more-link\"><span class=\"screen-reader-text\">F\u00fcr Rechtsanw\u00e4lte<\/span> weiterlesen <span class=\"meta-nav\">&rarr;<\/span><\/a><\/p>\n","protected":false},"author":1,"featured_media":0,"parent":0,"menu_order":0,"comment_status":"closed","ping_status":"closed","template":"","meta":{"footnotes":""},"_links":{"self":[{"href":"https:\/\/raschmidl.de\/index.php\/wp-json\/wp\/v2\/pages\/20"}],"collection":[{"href":"https:\/\/raschmidl.de\/index.php\/wp-json\/wp\/v2\/pages"}],"about":[{"href":"https:\/\/raschmidl.de\/index.php\/wp-json\/wp\/v2\/types\/page"}],"author":[{"embeddable":true,"href":"https:\/\/raschmidl.de\/index.php\/wp-json\/wp\/v2\/users\/1"}],"replies":[{"embeddable":true,"href":"https:\/\/raschmidl.de\/index.php\/wp-json\/wp\/v2\/comments?post=20"}],"version-history":[{"count":4,"href":"https:\/\/raschmidl.de\/index.php\/wp-json\/wp\/v2\/pages\/20\/revisions"}],"predecessor-version":[{"id":141,"href":"https:\/\/raschmidl.de\/index.php\/wp-json\/wp\/v2\/pages\/20\/revisions\/141"}],"wp:attachment":[{"href":"https:\/\/raschmidl.de\/index.php\/wp-json\/wp\/v2\/media?parent=20"}],"curies":[{"name":"wp","href":"https:\/\/api.w.org\/{rel}","templated":true}]}}