{"id":18,"date":"2015-10-22T16:53:08","date_gmt":"2015-10-22T14:53:08","guid":{"rendered":"http:\/\/raschmidl.de\/?page_id=18"},"modified":"2020-10-21T12:51:15","modified_gmt":"2020-10-21T10:51:15","slug":"fahrerlaubnisrecht","status":"publish","type":"page","link":"https:\/\/raschmidl.de\/index.php\/fahrerlaubnisrecht\/","title":{"rendered":"Fahrerlaubnisrecht"},"content":{"rendered":"<p style=\"text-align: left;\" align=\"center\"><span style=\"font-family: Times New Roman,serif;\"><span style=\"font-size: medium;\"><b>F\u00fchrerschein entzogen, was nun?<\/b><\/span><\/span><\/p>\n<p align=\"justify\"><span style=\"font-family: Times New Roman,serif;\"><span style=\"font-size: medium;\">Die beh\u00f6rdliche Verkehrs\u00fcberwachung wird seit Jahren stetig intensiviert. Gleichzeitig greifen die Strafgerichte, als auch die F\u00fchrerscheinbeh\u00f6rden zu immer drastischeren Ma\u00dfnahmen, bis hin zum Entzug der Fahrerlaubnis. <\/span><\/span><\/p>\n<p align=\"justify\"><span style=\"font-family: Times New Roman,serif;\"><span style=\"font-size: medium;\">Hierbei neigen neuerdings insbesondere die F\u00fchrerscheinbeh\u00f6rden zu einer erheblichen Kreativit\u00e4t und \u00fcberpr\u00fcfen etwa die Fahreignung schon bei kleinsten und sogar erstmaligen strafrechtlichen Vergehen; dies leider h\u00e4ufig unter Verkennung der Rechts- und Gesetzeslage.<br \/>\n<\/span><\/span><\/p>\n<p align=\"justify\"><span style=\"font-family: Times New Roman,serif;\"><span style=\"font-size: medium;\">Damit wird jedoch nicht nur in die Mobilit\u00e4t und Bewegungsfreiheit der Betroffenen eingegriffen, h\u00e4ufig h\u00e4ngt auch der Arbeitsplatz, mit all seinen finanziellen Folgen, von der Fahrerlaubnis ab. <\/span><\/span><\/p>\n<p align=\"justify\"><span style=\"font-family: Times New Roman,serif;\"><span style=\"font-size: medium;\">Bereits im Vorfeld einer Entziehung gibt es etliche M\u00f6glichkeiten den Fahrerlaubnisentzug noch zu verhindern. Lassen Sie diese Chance ungen\u00fctzt, zeigen die Erfahrungswerte, dass die Entziehung regelm\u00e4\u00dfig folgt. <\/span><\/span><\/p>\n<p align=\"justify\"><span style=\"font-family: Times New Roman,serif;\"><span style=\"font-size: medium;\">Aber auch nach der Entziehung der Fahrerlaubnis kann ich von einem reinen passiven Zuwarten nur dringend abraten. <\/span><\/span><\/p>\n<p align=\"justify\"><span style=\"font-family: Times New Roman,serif;\"><span style=\"font-size: medium;\">Damit lassen Sie nicht nur die M\u00f6glichkeit der Sperrfristverk\u00fcrzung verstreichen, sondern erf\u00fcllen meist auch nach Ablauf der Sperrfrist nicht die Voraussetzungen, die Fahrerlaubnis unmittelbar wieder zu erhalten. <\/span><\/span><\/p>\n<p align=\"justify\"><span style=\"font-family: Times New Roman,serif;\"><span style=\"font-size: medium;\">Sch\u00f6pfen Sie die M\u00f6glichkeiten aus, um so schnell als m\u00f6glich wieder eine in Deutschland g\u00fcltige Fahrerlaubnis zu erhalten, oder besser noch, diese erst gar nicht zu verlieren. <\/span><\/span><\/p>\n<p align=\"justify\"><span style=\"font-family: Times New Roman,serif;\"><span style=\"font-size: medium;\">Nutzen Sie die Angriffsm\u00f6glichkeiten gegen die beh\u00f6rdliche Anordnung der MPU, oder setzen Sie sich unmittelbar gegen ein negatives MPU Gutachten zur Wehr. <\/span><\/span><\/p>\n<p align=\"justify\"><span style=\"font-family: Times New Roman,serif;\"><span style=\"font-size: medium;\">Notfalls k\u00f6nnen Sie auch eine EU-Fahrerlaubnis erwerben und somit die MPU umgehen. Damit eine derartige Fahrerlaubnis in Deutschland jedoch g\u00fcltig ist, m\u00fcssen bestimmte Voraussetzungen erf\u00fcllt sein. Leider befinden sich unter den Angeboten, insbesondere im Internet, zahlreiche schwarze Schafe, die Ihnen zwar m\u00f6glicherweise einen F\u00fchrerschein verschaffen, der jedoch in Deutschland ung\u00fcltig ist. Sie fahren somit ohne Fahrerlaubnis, was eine Straftat darstellt. Insoweit kann ich nur dringend anraten, sich im Vorfeld fachlich beraten zu lassen. <\/span><\/span><\/p>\n<p align=\"justify\"><a name=\"_GoBack\"><\/a> <span style=\"font-family: Times New Roman,serif;\"><span style=\"font-size: medium;\">Die anwaltliche T\u00e4tigkeit im F\u00fchrerscheinrecht ist fach\u00fcbergreifend zwischen Verkehrsrecht, Strafrecht und Verwaltungsrecht. In diesen Fachbereichen habe ich jeweils die Qualifikation als Fachanwalt. Mir ist aktuell kein anderer Rechtsanwalt in Deutschland bekannt, der \u00fcber diese drei Fachanwaltsqualifikationen verf\u00fcgt. <\/span><\/span><\/p>\n<p align=\"justify\"><span style=\"font-family: Times New Roman,serif;\"><span style=\"font-size: medium;\">\u00a0<\/span><\/span><\/p>\n","protected":false},"excerpt":{"rendered":"<p>F\u00fchrerschein entzogen, was nun? Die beh\u00f6rdliche Verkehrs\u00fcberwachung wird seit Jahren stetig intensiviert. Gleichzeitig greifen die Strafgerichte, als auch die F\u00fchrerscheinbeh\u00f6rden zu immer drastischeren Ma\u00dfnahmen, bis hin zum Entzug der Fahrerlaubnis. Hierbei neigen neuerdings insbesondere die F\u00fchrerscheinbeh\u00f6rden zu einer erheblichen Kreativit\u00e4t und \u00fcberpr\u00fcfen etwa die Fahreignung schon bei kleinsten und sogar erstmaligen strafrechtlichen Vergehen; dies leider &hellip; <a href=\"https:\/\/raschmidl.de\/index.php\/fahrerlaubnisrecht\/\" class=\"more-link\"><span class=\"screen-reader-text\">Fahrerlaubnisrecht<\/span> weiterlesen <span class=\"meta-nav\">&rarr;<\/span><\/a><\/p>\n","protected":false},"author":1,"featured_media":0,"parent":0,"menu_order":0,"comment_status":"closed","ping_status":"closed","template":"","meta":{"footnotes":""},"_links":{"self":[{"href":"https:\/\/raschmidl.de\/index.php\/wp-json\/wp\/v2\/pages\/18"}],"collection":[{"href":"https:\/\/raschmidl.de\/index.php\/wp-json\/wp\/v2\/pages"}],"about":[{"href":"https:\/\/raschmidl.de\/index.php\/wp-json\/wp\/v2\/types\/page"}],"author":[{"embeddable":true,"href":"https:\/\/raschmidl.de\/index.php\/wp-json\/wp\/v2\/users\/1"}],"replies":[{"embeddable":true,"href":"https:\/\/raschmidl.de\/index.php\/wp-json\/wp\/v2\/comments?post=18"}],"version-history":[{"count":7,"href":"https:\/\/raschmidl.de\/index.php\/wp-json\/wp\/v2\/pages\/18\/revisions"}],"predecessor-version":[{"id":158,"href":"https:\/\/raschmidl.de\/index.php\/wp-json\/wp\/v2\/pages\/18\/revisions\/158"}],"wp:attachment":[{"href":"https:\/\/raschmidl.de\/index.php\/wp-json\/wp\/v2\/media?parent=18"}],"curies":[{"name":"wp","href":"https:\/\/api.w.org\/{rel}","templated":true}]}}