{"id":102,"date":"2015-11-27T13:22:54","date_gmt":"2015-11-27T12:22:54","guid":{"rendered":"http:\/\/raschmidl.de\/?page_id=102"},"modified":"2020-04-05T14:06:31","modified_gmt":"2020-04-05T12:06:31","slug":"wissenswertes","status":"publish","type":"page","link":"https:\/\/raschmidl.de\/index.php\/wissenswertes\/","title":{"rendered":"Wissenswertes zum Fahrerlaubnisrecht"},"content":{"rendered":"<p><span style=\"font-size: medium;\">Auch wenn Anw\u00e4lte eine schwarze Robe tragen. Sie sind nicht Merlin der Zauberer. Wer mit 1,8 Promille einen Unfall verursacht, wird seinen F\u00fchrerschein abgeben d\u00fcrfen. Bleiben Sie realistisch!<\/span><\/p>\n<p align=\"justify\"><span style=\"font-family: Times New Roman,serif;\"><span style=\"font-size: medium;\">Professionelle anwaltliche Hilfe, kann ihnen vielleicht zu einer k\u00fcrzeren Sperrfristerteilung, oder gegebenenfalls zu einer Ausnahme f\u00fcr bestimmte Kraftfahrzeugarten von der Sperrfristerteilung verhelfen. Man kann Ihnen Wege aufzeigen, wie Sie zeitnah wieder an eine Fahrerlaubnis kommen, jedoch stets nur unter Ausnutzung der vielf\u00e4ltigen rechtlichen M\u00f6glichkeiten. <\/span><\/span><\/p>\n<p align=\"justify\"><span style=\"font-family: Times New Roman,serif;\"><span style=\"font-size: medium;\">Die Gesetze und Verordnungen zum Fahrerlaubnisrecht sind nicht wirklich fahrerfreundlich, doch zum Gl\u00fcck relativ kompliziert. Selbst die Rechtsprechung ist sich in gro\u00dfen Teilen v\u00f6llig uneins. Das Europarecht \u00fcberschattet zudem die nationale Gesetzgebung. <\/span><\/span><\/p>\n<p align=\"justify\"><span style=\"font-family: Times New Roman,serif;\"><span style=\"font-size: medium;\">Aufgrund der komplizierten Materie und der weitgehend offenen Rechtsprechung zu vielen Punkte, gibt es zahlreiche Einfallstore. Aber auch die Fahrerlaubnisbeh\u00f6rden haben so manch gut ausgebildeten Mitarbeiter. Ohne Fachwissen, ohne Kenntnis der Rechtsprechung, ohne europarechtliche Kenntnisse, sind die h\u00e4ufig offen stehenden T\u00fcren nicht zu finden. <\/span><\/span><\/p>\n<p align=\"justify\"><span style=\"font-family: Times New Roman,serif;\"><span style=\"font-size: medium;\">Ich darf Ihnen hier eine seri\u00f6se Informationsgrundlage zum Fahrerlaubnisrecht verschaffen Damit erhalten Sie einen ersten \u00dcberblick zu den Themenbereichen Erteilung, Entziehung und Wiedererteilung einer Fahrerlaubnis. Eine anwaltliche Beratung, insbesondere zum konkreten Einzelfall, vermag diese Informationsseite jedoch keineswegs zu ersetzen. <\/span><\/span><\/p>\n<p align=\"justify\"><span style=\"font-family: Times New Roman,serif;\"><span style=\"font-size: medium;\">Dar\u00fcber hinaus bleibt noch mitzuteilen, dass das Fahrerlaubnisrecht einem st\u00e4ndigen Wandel durch die Rechtsprechung, aber auch durch den Gesetz- oder Verordnungsgeber unterliegt. Die Einarbeitung von Neuerungen auf dieser Informationsseite kann eine gewisse Zeit in Anspruch nehmen. <\/span><\/span><\/p>\n","protected":false},"excerpt":{"rendered":"<p>Auch wenn Anw\u00e4lte eine schwarze Robe tragen. Sie sind nicht Merlin der Zauberer. Wer mit 1,8 Promille einen Unfall verursacht, wird seinen F\u00fchrerschein abgeben d\u00fcrfen. Bleiben Sie realistisch! Professionelle anwaltliche Hilfe, kann ihnen vielleicht zu einer k\u00fcrzeren Sperrfristerteilung, oder gegebenenfalls zu einer Ausnahme f\u00fcr bestimmte Kraftfahrzeugarten von der Sperrfristerteilung verhelfen. Man kann Ihnen Wege aufzeigen, &hellip; <a href=\"https:\/\/raschmidl.de\/index.php\/wissenswertes\/\" class=\"more-link\"><span class=\"screen-reader-text\">Wissenswertes zum Fahrerlaubnisrecht<\/span> weiterlesen <span class=\"meta-nav\">&rarr;<\/span><\/a><\/p>\n","protected":false},"author":1,"featured_media":0,"parent":0,"menu_order":0,"comment_status":"closed","ping_status":"closed","template":"","meta":{"footnotes":""},"_links":{"self":[{"href":"https:\/\/raschmidl.de\/index.php\/wp-json\/wp\/v2\/pages\/102"}],"collection":[{"href":"https:\/\/raschmidl.de\/index.php\/wp-json\/wp\/v2\/pages"}],"about":[{"href":"https:\/\/raschmidl.de\/index.php\/wp-json\/wp\/v2\/types\/page"}],"author":[{"embeddable":true,"href":"https:\/\/raschmidl.de\/index.php\/wp-json\/wp\/v2\/users\/1"}],"replies":[{"embeddable":true,"href":"https:\/\/raschmidl.de\/index.php\/wp-json\/wp\/v2\/comments?post=102"}],"version-history":[{"count":5,"href":"https:\/\/raschmidl.de\/index.php\/wp-json\/wp\/v2\/pages\/102\/revisions"}],"predecessor-version":[{"id":143,"href":"https:\/\/raschmidl.de\/index.php\/wp-json\/wp\/v2\/pages\/102\/revisions\/143"}],"wp:attachment":[{"href":"https:\/\/raschmidl.de\/index.php\/wp-json\/wp\/v2\/media?parent=102"}],"curies":[{"name":"wp","href":"https:\/\/api.w.org\/{rel}","templated":true}]}}