{"id":30,"date":"2015-10-22T16:53:24","date_gmt":"2015-10-22T14:53:24","guid":{"rendered":"http:\/\/raschmidl.de\/?page_id=30"},"modified":"2015-10-28T09:58:50","modified_gmt":"2015-10-28T08:58:50","slug":"impressum","status":"publish","type":"page","link":"http:\/\/raschmidl.de\/index.php\/impressum\/","title":{"rendered":"Impressum"},"content":{"rendered":"<p>Informationen gem\u00e4\u00df \u00a7 5 TMG\u00a0und DL-InfoV:<br \/>\nRechtsanwaltskanzlei Oliver Schmidl, Rachelstr. 5 in 84069 Schierling<br \/>\nTel.: 09451 \/ 941101 Fax: 09451 \/ 941100 E-Mail: mail@raschmidl.de<\/p>\n<p>Oliver Schmidl<br \/>\nRechtsanwalt<br \/>\nFachanwalt f\u00fcr Verkehrsrecht<br \/>\nFachanwalt f\u00fcr Strafrecht<\/p>\n<p>Nach dem Recht der Bundesrepublik Deutschland zugelassenes Mitglied der Rechtsanwaltskammer N\u00fcrnberg, F\u00fcrther Str. 115 in 90429 N\u00fcrnberg (www.rak-nbg.de).<\/p>\n<p>Umsatzsteueridentifikationsnummer: 79 854 420 162<br \/>\nBankverbindung: Volksbank Regensburg BIC: GENODEF1R01 IBAN: DE08750900000000069000<br \/>\nAnderkonto: Volksbank Regensburg BIC: GENODEF1R01 IBAN: DE43750900000300069000<\/p>\n<p>Berufsrechtliche Regelungen:<br \/>\nGeltende Geb\u00fchren- und Berufsordnungen, abrufbar und einsehbar\u00a0auf Deutsch und Englisch \u00fcber die Web-Seite der Bundesrechtsanwaltskammer unter der Rubrik \u201cBerufsrecht\u201d\u00a0(http:\/\/www.brak.de\/)<br \/>\nBRAO \u2013 Bundesrechtsanwaltsordnung<br \/>\nBORA \u2013 Berufsordnung f\u00fcr Rechtsanw\u00e4lte<br \/>\nFAO-Fachanwaltsordnung<br \/>\nRVG \u2013 Rechtsanwaltsverg\u00fctungsgesetz<br \/>\nBerufsregeln der Rechtsanw\u00e4lte der Europ\u00e4ischen Gemeinschaft (CCBE)<br \/>\nDie Wahrnehmung widerstreitender Interessen ist Rechtsanw\u00e4lten aufgrund berufsrechtlicher Regelungen untersagt (\u00a7 43a Abs. 4 BRAO). Vor Aufnahme eines Mandats wird deshalb immer gepr\u00fcft, ob ein Interessenkonflikt vorliegt.<br \/>\nAu\u00dfergerichtliche Streitschlichtung: Bei Streitigkeiten zwischen Rechtsanw\u00e4lten und ihren Auftraggebern besteht auf Antrag die M\u00f6glichkeit der au\u00dfergerichtlichen Streitschlichtung bei der Rechtsanwaltskammer N\u00fcrnberg gem\u00e4\u00df \u00a7 73 Abs. 2 Nr. 3 i.V.m. \u00a7 73 Abs. 5 BRAO. Auch bei der Bundesrechtsanwaltskammer (www.brak.de ) wurde eine Schlichtungsstelle zwischen Anw\u00e4lten und Mandanten eingerichtet. Als erste Schlichterin\u00a0hat Frau Dr. Renate Jaeger, Bundesverfassungsrichterin a.D. und bis 31.12.2010 Richterin am Europ\u00e4ischen Menschengerichtshof, ab. 01.01.2011 in Berlin\u00a0 ihr Amt angetreten.\u00a0\u00a0www.brak.de. e-mail: schlichtungsstelle@brak.de<br \/>\nBerufshaftpflichtversicherung:<br \/>\nRechtsanw\u00e4lte sind nach \u00a7 51 Bundesrechtsanwaltsordnung verpflichtet, eine Berufshaftpflichtversicherung mit einer Mindestversicherungssumme in H\u00f6he von 250.000,00 \u20ac abzuschlie\u00dfen und zu unterhalten. Vorliegend besteht die Berufshaftpflichtversicherung bei der R+V Versicherung AG,\u00a0Raiffeisenplatz 1,\u00a065189 Wiesbaden. Der r\u00e4umliche Geltungsbereich bezieht sich auf die Mitgliedsl\u00e4nder der EU.<\/p>\n","protected":false},"excerpt":{"rendered":"<p>Informationen gem\u00e4\u00df \u00a7 5 TMG\u00a0und DL-InfoV: Rechtsanwaltskanzlei Oliver Schmidl, Rachelstr. 5 in 84069 Schierling Tel.: 09451 \/ 941101 Fax: 09451 \/ 941100 E-Mail: mail@raschmidl.de Oliver Schmidl Rechtsanwalt Fachanwalt f\u00fcr Verkehrsrecht Fachanwalt f\u00fcr Strafrecht Nach dem Recht der Bundesrepublik Deutschland zugelassenes Mitglied der Rechtsanwaltskammer N\u00fcrnberg, F\u00fcrther Str. 115 in 90429 N\u00fcrnberg (www.rak-nbg.de). Umsatzsteueridentifikationsnummer: 79 854 420 &hellip; <a href=\"http:\/\/raschmidl.de\/index.php\/impressum\/\" class=\"more-link\"><span class=\"screen-reader-text\">Impressum<\/span> weiterlesen <span class=\"meta-nav\">&rarr;<\/span><\/a><\/p>\n","protected":false},"author":1,"featured_media":0,"parent":0,"menu_order":0,"comment_status":"closed","ping_status":"closed","template":"","meta":{"footnotes":""},"_links":{"self":[{"href":"http:\/\/raschmidl.de\/index.php\/wp-json\/wp\/v2\/pages\/30"}],"collection":[{"href":"http:\/\/raschmidl.de\/index.php\/wp-json\/wp\/v2\/pages"}],"about":[{"href":"http:\/\/raschmidl.de\/index.php\/wp-json\/wp\/v2\/types\/page"}],"author":[{"embeddable":true,"href":"http:\/\/raschmidl.de\/index.php\/wp-json\/wp\/v2\/users\/1"}],"replies":[{"embeddable":true,"href":"http:\/\/raschmidl.de\/index.php\/wp-json\/wp\/v2\/comments?post=30"}],"version-history":[{"count":3,"href":"http:\/\/raschmidl.de\/index.php\/wp-json\/wp\/v2\/pages\/30\/revisions"}],"predecessor-version":[{"id":66,"href":"http:\/\/raschmidl.de\/index.php\/wp-json\/wp\/v2\/pages\/30\/revisions\/66"}],"wp:attachment":[{"href":"http:\/\/raschmidl.de\/index.php\/wp-json\/wp\/v2\/media?parent=30"}],"curies":[{"name":"wp","href":"https:\/\/api.w.org\/{rel}","templated":true}]}}